{"id":436,"date":"2026-03-13T09:53:07","date_gmt":"2026-03-13T09:53:07","guid":{"rendered":"https:\/\/music.care\/?page_id=436"},"modified":"2026-03-31T15:03:05","modified_gmt":"2026-03-31T15:03:05","slug":"compagnie","status":"publish","type":"page","link":"https:\/\/music.care\/en\/compagnie\/","title":{"rendered":"About us"},"content":{"rendered":"<div data-elementor-type=\"wp-page\" data-elementor-id=\"436\" class=\"elementor elementor-436\" data-elementor-post-type=\"page\">\n\t\t\t\t<div class=\"elementor-element elementor-element-122e857 e-flex e-con-boxed e-con e-parent\" data-id=\"122e857\" data-element_type=\"container\" data-e-type=\"container\" data-settings=\"{&quot;background_background&quot;:&quot;classic&quot;}\">\n\t\t\t\t\t<div class=\"e-con-inner\">\n\t\t<div class=\"elementor-element elementor-element-d24febf e-con-full e-flex e-con e-child\" data-id=\"d24febf\" data-element_type=\"container\" data-e-type=\"container\">\n\t\t\t\t<div class=\"elementor-element elementor-element-5d4ea34 elementor-invisible elementor-widget elementor-widget-heading\" data-id=\"5d4ea34\" data-element_type=\"widget\" data-e-type=\"widget\" data-settings=\"{&quot;_animation&quot;:&quot;fadeIn&quot;}\" data-widget_type=\"heading.default\">\n\t\t\t\t\t<h1 class=\"elementor-heading-title elementor-size-default\">Qui nous sommes\n<\/h1>\t\t\t\t<\/div>\n\t\t\t\t<div class=\"elementor-element elementor-element-2c93c73 nom elementor-invisible elementor-widget elementor-widget-text-editor\" data-id=\"2c93c73\" data-element_type=\"widget\" data-e-type=\"widget\" data-settings=\"{&quot;_animation&quot;:&quot;fadeIn&quot;}\" data-widget_type=\"text-editor.default\">\n\t\t\t\t\t\t\t\t\t<p>Music Care s&rsquo;appuie sur plus de 30 \u00e9tudes cliniques et 150 articles publi\u00e9s \u00e0 ce jour par plus de 20 \u00e9quipes de recherche universitaire.<\/p>\t\t\t\t\t\t\t\t<\/div>\n\t\t\t\t<\/div>\n\t\t\t\t\t<\/div>\n\t\t\t\t<\/div>\n\t\t<div class=\"elementor-element elementor-element-dcfb325 e-con-full e-flex e-con e-parent\" data-id=\"dcfb325\" data-element_type=\"container\" data-e-type=\"container\" data-settings=\"{&quot;background_background&quot;:&quot;classic&quot;}\">\n\t\t<div class=\"elementor-element elementor-element-62f9c3e elementor-hidden-mobile e-flex e-con-boxed e-con e-child\" data-id=\"62f9c3e\" data-element_type=\"container\" data-e-type=\"container\" data-settings=\"{&quot;background_background&quot;:&quot;classic&quot;}\">\n\t\t\t\t\t<div class=\"e-con-inner\">\n\t\t\t\t\t<\/div>\n\t\t\t\t<\/div>\n\t\t<div class=\"elementor-element elementor-element-2847174 e-flex e-con-boxed e-con e-child\" data-id=\"2847174\" data-element_type=\"container\" data-e-type=\"container\" data-settings=\"{&quot;background_background&quot;:&quot;classic&quot;}\">\n\t\t\t\t\t<div class=\"e-con-inner\">\n\t\t<div class=\"elementor-element elementor-element-5fecf14 e-con-full e-flex e-con e-child\" data-id=\"5fecf14\" data-element_type=\"container\" data-e-type=\"container\">\n\t\t\t\t<div class=\"elementor-element elementor-element-04abb16 elementor-invisible elementor-widget elementor-widget-heading\" data-id=\"04abb16\" data-element_type=\"widget\" data-e-type=\"widget\" data-settings=\"{&quot;_animation&quot;:&quot;fadeIn&quot;}\" data-widget_type=\"heading.default\">\n\t\t\t\t\t<h3 class=\"elementor-heading-title elementor-size-default\">Pionnier du soulagement de la douleur par la musique.\n<\/h3>\t\t\t\t<\/div>\n\t\t\t\t<div class=\"elementor-element elementor-element-509644d nom elementor-invisible elementor-widget elementor-widget-text-editor\" data-id=\"509644d\" data-element_type=\"widget\" data-e-type=\"widget\" data-settings=\"{&quot;_animation&quot;:&quot;fadeIn&quot;}\" data-widget_type=\"text-editor.default\">\n\t\t\t\t\t\t\t\t\t<p>Depuis 1999, le Dr St\u00e9phane Gu\u00e9tin, docteur en psychologie clinique, et musicoth\u00e9rapeute, participe \u00e0 l&rsquo;\u00e9valuation du solution de la douleur par la musique en menant de nombreux projets de recherche clinique publi\u00e9s dans des revues scientifiques internationales. Gr\u00e2ce aux r\u00e9sultats de ces recherches, Music Care propose \u00e0 tous les patients des soins individualis\u00e9s selon un protocole standardis\u00e9 r\u00e9pondant aux recommandations scientifiques internationales : la \u00ab S\u00e9quence en U \u00bb. Music Care est \u00e9galement un organisme de formation professionnelle agr\u00e9\u00e9. Il permet aux soignants de se perfectionner dans la compr\u00e9hension et l\u2019utilisation de la musique pour le soulagement de la douleur.<\/p>\t\t\t\t\t\t\t\t<\/div>\n\t\t\t\t<\/div>\n\t\t\t\t\t<\/div>\n\t\t\t\t<\/div>\n\t\t\t\t<\/div>\n\t\t<div class=\"elementor-element elementor-element-1f60330 e-con-full e-flex e-con e-parent\" data-id=\"1f60330\" data-element_type=\"container\" data-e-type=\"container\" id=\"Histoire\">\n\t\t\t\t<div class=\"elementor-element elementor-element-7657a10 elementor-invisible elementor-widget elementor-widget-html\" data-id=\"7657a10\" data-element_type=\"widget\" data-e-type=\"widget\" data-settings=\"{&quot;_animation&quot;:&quot;fadeIn&quot;}\" data-widget_type=\"html.default\">\n\t\t\t\t\t<style>\r\n.mc-company-timeline {\r\n  background: linear-gradient(-211deg, #0071be 0%, #0071be 100%);\r\n  color: #fff;\r\n  padding: 70px 0 95px;\r\n  position: relative;\r\n  left: 50%;\r\n  right: 50%;\r\n  width: 100vw;\r\n  margin-left: -50vw;\r\n  margin-right: -50vw;\r\n  overflow: hidden;\r\n  font-family: Bariol, sans-serif;\r\n}\r\n\r\n.mc-company-timeline__inner {\r\n  max-width: 1500px;\r\n  margin: 0 auto;\r\n  padding: 0 48px;\r\n  box-sizing: border-box;\r\n}\r\n\r\n.mc-company-timeline__title {\r\n  max-width: 520px;\r\n  margin: 0 0 80px;\r\n  color: #fff;\r\n  font-size: 36px;\r\n  line-height: 1.5;\r\n  font-weight: 300;\r\n  font-style: italic;\r\n}\r\n\r\n.mc-company-timeline__track {\r\n  position: relative;\r\n  display: grid;\r\n  grid-template-columns: repeat(6, 1fr);\r\n  min-height: 470px;\r\n}\r\n\r\n.mc-company-timeline__track::before {\r\n  content: \"\";\r\n  position: absolute;\r\n  top: 50%;\r\n  left: -120px;\r\n  right: -120px;\r\n  height: 4px;\r\n  background: #fff;\r\n  transform: translateY(-50%);\r\n  z-index: 1;\r\n}\r\n\r\n.mc-company-timeline__item {\r\n  position: relative;\r\n  min-height: 470px;\r\n}\r\n\r\n.mc-company-timeline__dot {\r\n    position: absolute;\r\n    left: 50%;\r\n    top: 50%;\r\n    width: 30px;\r\n    height: 30px;\r\n    margin-left: -15px;\r\n    margin-top: -14px;\r\n    border-radius: 50%;\r\n    background: #819dce;\r\n    border: 4px solid #fff;\r\n    z-index: 5;\r\n    box-sizing: border-box;\r\n}\r\n\r\n.mc-company-timeline__dot::before {\r\n  content: \"\";\r\n  position: absolute;\r\n  top: -6px;\r\n  left: -6px;\r\n  right: -6px;\r\n  bottom: -6px;\r\n  border-radius: 50%;\r\n  border: 0px solid #98add7;\r\n  z-index: -1;\r\n}\r\n\r\n.mc-company-timeline__stem {\r\n  position: absolute;\r\n  left: 50%;\r\n  width: 4px;\r\n  margin-left: -2px;\r\n  background: #fff;\r\n  z-index: 2;\r\n}\r\n\r\n.mc-company-timeline__cap {\r\n  position: absolute;\r\n  left: 50%;\r\n  width: 12px;\r\n  height: 12px;\r\n  margin-left: -6px;\r\n  border-radius: 50%;\r\n  background: #fff;\r\n  z-index: 2;\r\n}\r\n\r\n.mc-company-timeline__content {\r\n  position: absolute;\r\n  width: 210px;\r\n}\r\n\r\n.mc-company-timeline__content h3 {\r\n  margin: 0 0 3px;\r\n  color: #fff;\r\n  font-size: 18px;\r\n  line-height: 1.2;\r\n  font-weight: 700;\r\n  font-style: normal;\r\n}\r\n\r\n.mc-company-timeline__content p {\r\n  margin: 0;\r\n  color: #fff;\r\n  font-size: 14px;\r\n  line-height: 1.95;\r\n}\r\n\r\n\/* top items *\/\r\n.mc-company-timeline__item.top .mc-company-timeline__stem {\r\n  top: 58px;\r\n  height: calc(50% - 58px);\r\n}\r\n\r\n.mc-company-timeline__item.top .mc-company-timeline__cap {\r\n  top: 52px;\r\n}\r\n\r\n.mc-company-timeline__item.top .mc-company-timeline__content {\r\n  top: 50px;\r\n  left: calc(50% + 26px);\r\n}\r\n\r\n\/* bottom items *\/\r\n.mc-company-timeline__item.bottom .mc-company-timeline__stem {\r\n  top: 50%;\r\n  height: 152px;\r\n}\r\n\r\n.mc-company-timeline__item.bottom .mc-company-timeline__cap {\r\n  top: calc(50% + 152px - 6px);\r\n}\r\n\r\n.mc-company-timeline__item.bottom .mc-company-timeline__content {\r\n  top: calc(50% + 142px);\r\n  left: calc(50% + 26px);\r\n}\r\n\r\n\/* widths *\/\r\n.mc-company-timeline__item:nth-child(1) .mc-company-timeline__content {\r\n  width: 225px;\r\n}\r\n\r\n.mc-company-timeline__item:nth-child(2) .mc-company-timeline__content {\r\n  width: 190px;\r\n}\r\n\r\n.mc-company-timeline__item:nth-child(3) .mc-company-timeline__content {\r\n  width: 185px;\r\n}\r\n\r\n.mc-company-timeline__item:nth-child(4) .mc-company-timeline__content {\r\n  width: 215px;\r\n}\r\n\r\n.mc-company-timeline__item:nth-child(5) .mc-company-timeline__content {\r\n  width: 225px;\r\n}\r\n\r\n.mc-company-timeline__item.today .mc-company-timeline__content {\r\n  width: 90px;\r\n}\r\n\r\n.mc-company-timeline__item.today .mc-company-timeline__content p {\r\n  display: none;\r\n}\r\n\r\n\/* tablet\/mobile *\/\r\n@media (max-width: 1024px) {\r\n  .mc-company-timeline {\r\n    left: auto;\r\n    right: auto;\r\n    width: 100%;\r\n    margin-left: 0;\r\n    margin-right: 0;\r\n    padding: 60px 0 70px;\r\n  }\r\n\r\n  .mc-company-timeline__inner {\r\n    padding: 0 24px;\r\n  }\r\n\r\n  .mc-company-timeline__title {\r\n    font-size: 28px;\r\n    line-height: 1.45;\r\n    margin-bottom: 42px;\r\n  }\r\n\r\n  .mc-company-timeline__track {\r\n    display: block;\r\n    min-height: auto;\r\n    padding-left: 42px;\r\n  }\r\n\r\n  .mc-company-timeline__track::before {\r\n    left: 12px;\r\n    right: auto;\r\n    top: 0;\r\n    bottom: 0;\r\n    width: 4px;\r\n    height: auto;\r\n    transform: none;\r\n  }\r\n\r\n  .mc-company-timeline__item {\r\n    min-height: auto;\r\n    margin-bottom: 34px;\r\n  }\r\n\r\n  .mc-company-timeline__dot {\r\n    left: 12px;\r\n    top: 8px;\r\n    margin-left: -8px;\r\n    margin-top: 0;\r\n  }\r\n\r\n  .mc-company-timeline__stem,\r\n  .mc-company-timeline__cap {\r\n    display: none;\r\n  }\r\n\r\n  .mc-company-timeline__content,\r\n  .mc-company-timeline__item.top .mc-company-timeline__content,\r\n  .mc-company-timeline__item.bottom .mc-company-timeline__content {\r\n    position: static;\r\n    width: 100%;\r\n    max-width: 100%;\r\n  }\r\n}\r\n\r\n@media (max-width: 767px) {\r\n  .mc-company-timeline {\r\n    padding: 28px 0 82px;\r\n  }\r\n\r\n  .mc-company-timeline__inner {\r\n    padding: 0 10px;\r\n  }\r\n\r\n  .mc-company-timeline__title {\r\n    max-width: 100%;\r\n    margin: 0 0 28px;\r\n    text-align: center;\r\n    font-size: 24px;\r\n    line-height: 1.6;\r\n  }\r\n\r\n  .mc-company-timeline__track {\r\n    display: block;\r\n    position: relative;\r\n    min-height: auto;\r\n    padding: 0;\r\n  }\r\n\r\n  .mc-company-timeline__track::before {\r\n    content: \"\";\r\n    position: absolute;\r\n    top: 34px;\r\n    bottom: 0;\r\n    left: 50%;\r\n    width: 4px;\r\n    margin-left: -2px;\r\n    background: #fff;\r\n    transform: none;\r\n  }\r\n\r\n  .mc-company-timeline__item {\r\n    position: relative;\r\n    min-height: 125px;\r\n    margin: 0;\r\n  }\r\n\r\n  .mc-company-timeline__item:nth-child(1) {\r\n    min-height: 115px;\r\n  }\r\n\r\n  .mc-company-timeline__item:nth-child(5) {\r\n    min-height: 105px;\r\n  }\r\n\r\n  .mc-company-timeline__item.today {\r\n    min-height: 48px;\r\n  }\r\n\r\n      .mc-company-timeline__dot {\r\n        left: 50%;\r\n        top: 29px;\r\n        margin-left: -8px;\r\n        margin-top: 0;\r\n        transform: none;\r\n        width: 20px;\r\n        height: 20px;\r\n    }\r\n\r\n  .mc-company-timeline__stem,\r\n  .mc-company-timeline__cap {\r\n    display: none;\r\n  }\r\n\r\n  .mc-company-timeline__item::before {\r\n    content: \"\";\r\n    position: absolute;\r\n    top: 35px;\r\n    width: calc(50% - 8px);\r\n    height: 4px;\r\n    background: #fff;\r\n  }\r\n\r\n  .mc-company-timeline__item:nth-child(odd)::before {\r\n    left: 0;\r\n  }\r\n\r\n  .mc-company-timeline__item:nth-child(even)::before {\r\n    right: 0;\r\n  }\r\n\r\n  .mc-company-timeline__content,\r\n  .mc-company-timeline__item.top .mc-company-timeline__content,\r\n  .mc-company-timeline__item.bottom .mc-company-timeline__content {\r\n    position: absolute;\r\n    top: 56px;\r\n    width: calc(50% - 24px);\r\n    max-width: none;\r\n    text-align: center;\r\n  }\r\n\r\n  .mc-company-timeline__item:nth-child(odd) .mc-company-timeline__content {\r\n    left: 0;\r\n    padding-right: 0;\r\n  }\r\n\r\n  .mc-company-timeline__item:nth-child(even) .mc-company-timeline__content {\r\n    left: calc(50% + 8px);\r\n    padding-left: 16px;\r\n  }\r\n\r\n  .mc-company-timeline__content h3 {\r\n    font-size: 14px;\r\n    line-height: 1.2;\r\n    margin: 0 0 8px;\r\n    text-align: center;\r\n  }\r\n\r\n  .mc-company-timeline__content p {\r\n    font-size: 11px;\r\n    line-height: 1.75;\r\n    text-align: center;\r\n    margin: 0 auto;\r\n  }\r\n\r\n  .mc-company-timeline__item.today .mc-company-timeline__content {\r\n    top: 52px;\r\n  }\r\n\r\n  .mc-company-timeline__item.today .mc-company-timeline__content p {\r\n    display: none;\r\n  }\r\n}\r\n<\/style>\r\n\r\n\r\n<section class=\"mc-company-timeline\">\r\n  <div class=\"mc-company-timeline__inner\">\r\n    <h2 class=\"mc-company-timeline__title\">En savoir plus sur l'histoire de Music Care 20 ans de recherche et d\u00e9veloppement.\r\n<\/h2>\r\n\r\n    <div class=\"mc-company-timeline__track\">\r\n      <div class=\"mc-company-timeline__item top\">\r\n        <div class=\"mc-company-timeline__dot\"><\/div>\r\n        <div class=\"mc-company-timeline__stem\"><\/div>\r\n        <div class=\"mc-company-timeline__cap\"><\/div>\r\n        <div class=\"mc-company-timeline__content\">\r\n          <h3>1999-2003<\/h3>\r\n          <p>Premi\u00e8re \u00e9tudes cliniques du soulagement de la douleur par la musique dans les services de R\u00e9animation, Neurologie et CETD du CHU de Montpellier.\r\n<\/p>\r\n        <\/div>\r\n      <\/div>\r\n\r\n      <div class=\"mc-company-timeline__item bottom\">\r\n        <div class=\"mc-company-timeline__dot\"><\/div>\r\n        <div class=\"mc-company-timeline__stem\"><\/div>\r\n        <div class=\"mc-company-timeline__cap\"><\/div>\r\n        <div class=\"mc-company-timeline__content\">\r\n          <h3>2003-2005<\/h3>\r\n          <p>Cr\u00e9ation de l'Association de Musicoth\u00e9rapie Applications et Recherche Clinique (AMARC). Premi\u00e8res \u00e9tudes contr\u00f4l\u00e9es randomis\u00e9es publi\u00e9es.\r\n<\/p>\r\n        <\/div>\r\n      <\/div>\r\n\r\n      <div class=\"mc-company-timeline__item top\">\r\n        <div class=\"mc-company-timeline__dot\"><\/div>\r\n        <div class=\"mc-company-timeline__stem\"><\/div>\r\n        <div class=\"mc-company-timeline__cap\"><\/div>\r\n        <div class=\"mc-company-timeline__content\">\r\n          <h3>2005-2008<\/h3>\r\n          <p>D\u00e9veloppement et \u00e9valuation de la premi\u00e8re application num\u00e9rique Music Care du soulagement de la douleur et de l\u2019anxi\u00e9t\u00e9.\r\n<\/p>\r\n        <\/div>\r\n      <\/div>\r\n\r\n      <div class=\"mc-company-timeline__item bottom\">\r\n        <div class=\"mc-company-timeline__dot\"><\/div>\r\n        <div class=\"mc-company-timeline__stem\"><\/div>\r\n        <div class=\"mc-company-timeline__cap\"><\/div>\r\n        <div class=\"mc-company-timeline__content\">\r\n          <h3>2008-2016<\/h3>\r\n          <p>Cr\u00e9ation de Music Care Recherche & D\u00e9veloppement. Collaboration avec des scientifiques et artistes de renom. Premiers clients institutionnels.\r\n<\/p>\r\n        <\/div>\r\n      <\/div>\r\n\r\n      <div class=\"mc-company-timeline__item top\">\r\n        <div class=\"mc-company-timeline__dot\"><\/div>\r\n        <div class=\"mc-company-timeline__stem\"><\/div>\r\n        <div class=\"mc-company-timeline__cap\"><\/div>\r\n        <div class=\"mc-company-timeline__content\">\r\n          <h3>2016-2019<\/h3>\r\n          <p>D\u00e9veloppement aux Etats-Unis, creation de Music Care IMMERSIVE et de Music Care Recording Studio \u00e0 Paris.\r\n<\/p>\r\n        <\/div>\r\n      <\/div>\r\n\r\n      <div class=\"mc-company-timeline__item bottom today\">\r\n        <div class=\"mc-company-timeline__dot\"><\/div>\r\n        <div class=\"mc-company-timeline__stem\"><\/div>\r\n        <div class=\"mc-company-timeline__cap\"><\/div>\r\n        <div class=\"mc-company-timeline__content\">\r\n          <h3>Aujourd'hui<\/h3>\r\n          <p>&nbsp;<\/p>\r\n        <\/div>\r\n      <\/div>\r\n    <\/div>\r\n  <\/div>\r\n<\/section>\t\t\t\t<\/div>\n\t\t\t\t<\/div>\n\t\t<div class=\"elementor-element elementor-element-cfdcc3f e-flex e-con-boxed e-con e-parent\" data-id=\"cfdcc3f\" data-element_type=\"container\" data-e-type=\"container\" id=\"news\" data-settings=\"{&quot;background_background&quot;:&quot;classic&quot;}\">\n\t\t\t\t\t<div class=\"e-con-inner\">\n\t\t<div class=\"elementor-element elementor-element-2aa07cb e-con-full e-flex e-con e-child\" data-id=\"2aa07cb\" data-element_type=\"container\" data-e-type=\"container\">\n\t\t<div class=\"elementor-element elementor-element-5e71665 e-con-full e-flex e-con e-child\" data-id=\"5e71665\" data-element_type=\"container\" data-e-type=\"container\">\n\t\t\t\t<div class=\"elementor-element elementor-element-18d8dd5 elementor-invisible elementor-widget elementor-widget-heading\" data-id=\"18d8dd5\" data-element_type=\"widget\" data-e-type=\"widget\" data-settings=\"{&quot;_animation&quot;:&quot;fadeIn&quot;}\" data-widget_type=\"heading.default\">\n\t\t\t\t\t<h2 class=\"elementor-heading-title elementor-size-default\">News\n<\/h2>\t\t\t\t<\/div>\n\t\t\t\t<div class=\"elementor-element elementor-element-4abe3f8 nom elementor-invisible elementor-widget elementor-widget-text-editor\" data-id=\"4abe3f8\" data-element_type=\"widget\" data-e-type=\"widget\" data-settings=\"{&quot;_animation&quot;:&quot;fadeIn&quot;}\" data-widget_type=\"text-editor.default\">\n\t\t\t\t\t\t\t\t\t<p>D\u00e9couvrez les derni\u00e8res nouvelles sur Music Care dans le monde.<\/p>\t\t\t\t\t\t\t\t<\/div>\n\t\t\t\t<\/div>\n\t\t<div class=\"elementor-element elementor-element-88acba2 e-con-full e-flex e-con e-child\" data-id=\"88acba2\" data-element_type=\"container\" data-e-type=\"container\">\n\t\t<div class=\"elementor-element elementor-element-f0f2c61 e-con-full e-flex e-con e-child\" data-id=\"f0f2c61\" data-element_type=\"container\" data-e-type=\"container\" data-settings=\"{&quot;background_background&quot;:&quot;classic&quot;}\">\n\t\t\t\t<div class=\"elementor-element elementor-element-94d6daa elementor-invisible elementor-widget elementor-widget-image\" data-id=\"94d6daa\" data-element_type=\"widget\" data-e-type=\"widget\" data-settings=\"{&quot;_animation&quot;:&quot;fadeIn&quot;}\" data-widget_type=\"image.default\">\n\t\t\t\t\t\t\t\t\t\t\t\t\t\t\t<img fetchpriority=\"high\" decoding=\"async\" width=\"727\" height=\"358\" src=\"https:\/\/music.care\/wp-content\/uploads\/2026\/03\/stjoseph.jpg\" class=\"attachment-large size-large wp-image-1581\" alt=\"\" srcset=\"https:\/\/music.care\/wp-content\/uploads\/2026\/03\/stjoseph.jpg 727w, https:\/\/music.care\/wp-content\/uploads\/2026\/03\/stjoseph-300x148.jpg 300w\" sizes=\"(max-width: 727px) 100vw, 727px\" \/>\t\t\t\t\t\t\t\t\t\t\t\t\t\t\t<\/div>\n\t\t<div class=\"elementor-element elementor-element-439c762 e-con-full e-flex e-con e-child\" data-id=\"439c762\" data-element_type=\"container\" data-e-type=\"container\" data-settings=\"{&quot;background_background&quot;:&quot;classic&quot;}\">\n\t\t\t\t<div class=\"elementor-element elementor-element-989c9d8 elementor-invisible elementor-widget elementor-widget-heading\" data-id=\"989c9d8\" data-element_type=\"widget\" data-e-type=\"widget\" data-settings=\"{&quot;_animation&quot;:&quot;fadeIn&quot;}\" data-widget_type=\"heading.default\">\n\t\t\t\t\t<h4 class=\"elementor-heading-title elementor-size-default\">Le partenariat entre Sanofi et Music Care se concr\u00e9tise apr\u00e8s le succ\u00e8s de sa phase pilote\n<\/h4>\t\t\t\t<\/div>\n\t\t\t\t<div class=\"elementor-element elementor-element-3add80a nom elementor-invisible elementor-widget elementor-widget-text-editor\" data-id=\"3add80a\" data-element_type=\"widget\" data-e-type=\"widget\" data-settings=\"{&quot;_animation&quot;:&quot;fadeIn&quot;}\" data-widget_type=\"text-editor.default\">\n\t\t\t\t\t\t\t\t\t<p>Gr\u00e2ce au partenariat avec Sanofi, l\u2019application Music Care, solution digitale non m\u00e9dicamenteuse pionni\u00e8re dans la prise en charge de la douleur par la musique, est \u00e0 pr\u00e9sent disponible en ville pour les patients en France. Music Care s\u2019est associ\u00e9e \u00e0 Sanofi pour accompagner son d\u00e9ploiement aupr\u00e8s des m\u00e9decins g\u00e9n\u00e9ralistes.<\/p>\t\t\t\t\t\t\t\t<\/div>\n\t\t\t\t<\/div>\n\t\t\t\t<\/div>\n\t\t<div class=\"elementor-element elementor-element-cfad40c e-con-full e-flex e-con e-child\" data-id=\"cfad40c\" data-element_type=\"container\" data-e-type=\"container\" data-settings=\"{&quot;background_background&quot;:&quot;classic&quot;}\">\n\t\t\t\t<div class=\"elementor-element elementor-element-b70e96b elementor-invisible elementor-widget elementor-widget-image\" data-id=\"b70e96b\" data-element_type=\"widget\" data-e-type=\"widget\" data-settings=\"{&quot;_animation&quot;:&quot;fadeIn&quot;}\" data-widget_type=\"image.default\">\n\t\t\t\t\t\t\t\t\t\t\t\t\t\t\t<img decoding=\"async\" width=\"727\" height=\"358\" src=\"https:\/\/music.care\/wp-content\/uploads\/2026\/03\/thalassa.jpg\" class=\"attachment-large size-large wp-image-1582\" alt=\"\" srcset=\"https:\/\/music.care\/wp-content\/uploads\/2026\/03\/thalassa.jpg 727w, https:\/\/music.care\/wp-content\/uploads\/2026\/03\/thalassa-300x148.jpg 300w\" sizes=\"(max-width: 727px) 100vw, 727px\" \/>\t\t\t\t\t\t\t\t\t\t\t\t\t\t\t<\/div>\n\t\t<div class=\"elementor-element elementor-element-15bddac e-con-full e-flex e-con e-child\" data-id=\"15bddac\" data-element_type=\"container\" data-e-type=\"container\" data-settings=\"{&quot;background_background&quot;:&quot;classic&quot;}\">\n\t\t\t\t<div class=\"elementor-element elementor-element-46e6d5d elementor-invisible elementor-widget elementor-widget-heading\" data-id=\"46e6d5d\" data-element_type=\"widget\" data-e-type=\"widget\" data-settings=\"{&quot;_animation&quot;:&quot;fadeIn&quot;}\" data-widget_type=\"heading.default\">\n\t\t\t\t\t<h4 class=\"elementor-heading-title elementor-size-default\">La th\u00e9rapie digitale Music Care accompagne les EHPAD de la Fondation Partage et Vie\n<\/h4>\t\t\t\t<\/div>\n\t\t\t\t<div class=\"elementor-element elementor-element-0201666 nom elementor-invisible elementor-widget elementor-widget-text-editor\" data-id=\"0201666\" data-element_type=\"widget\" data-e-type=\"widget\" data-settings=\"{&quot;_animation&quot;:&quot;fadeIn&quot;}\" data-widget_type=\"text-editor.default\">\n\t\t\t\t\t\t\t\t\t<p>Nous sommes tr\u00e8s heureux d\u2019accompagner les EHPAD de la Fondation Partage et Vie pour l\u2019am\u00e9lioration de la qualit\u00e9 de vie des r\u00e9sidents. La th\u00e9rapie digitale Music Care continue de faire ses preuves dans le soulagement de la douleur, de l\u2019anxi\u00e9t\u00e9 ou de la d\u00e9pression des personnes \u00e2g\u00e9es.<\/p>\t\t\t\t\t\t\t\t<\/div>\n\t\t\t\t<\/div>\n\t\t\t\t<\/div>\n\t\t<div class=\"elementor-element elementor-element-72373eb e-con-full e-flex e-con e-child\" data-id=\"72373eb\" data-element_type=\"container\" data-e-type=\"container\" data-settings=\"{&quot;background_background&quot;:&quot;classic&quot;}\">\n\t\t\t\t<div class=\"elementor-element elementor-element-9138acf elementor-invisible elementor-widget elementor-widget-image\" data-id=\"9138acf\" data-element_type=\"widget\" data-e-type=\"widget\" data-settings=\"{&quot;_animation&quot;:&quot;fadeIn&quot;}\" data-widget_type=\"image.default\">\n\t\t\t\t\t\t\t\t\t\t\t\t\t\t\t<img decoding=\"async\" width=\"727\" height=\"358\" src=\"https:\/\/music.care\/wp-content\/uploads\/2026\/03\/immersive.jpg\" class=\"attachment-large size-large wp-image-1583\" alt=\"\" srcset=\"https:\/\/music.care\/wp-content\/uploads\/2026\/03\/immersive.jpg 727w, https:\/\/music.care\/wp-content\/uploads\/2026\/03\/immersive-300x148.jpg 300w\" sizes=\"(max-width: 727px) 100vw, 727px\" \/>\t\t\t\t\t\t\t\t\t\t\t\t\t\t\t<\/div>\n\t\t<div class=\"elementor-element elementor-element-63fcb68 e-con-full e-flex e-con e-child\" data-id=\"63fcb68\" data-element_type=\"container\" data-e-type=\"container\" data-settings=\"{&quot;background_background&quot;:&quot;classic&quot;}\">\n\t\t\t\t<div class=\"elementor-element elementor-element-dae2cd6 elementor-invisible elementor-widget elementor-widget-heading\" data-id=\"dae2cd6\" data-element_type=\"widget\" data-e-type=\"widget\" data-settings=\"{&quot;_animation&quot;:&quot;fadeIn&quot;}\" data-widget_type=\"heading.default\">\n\t\t\t\t\t<h4 class=\"elementor-heading-title elementor-size-default\">Partenariat de recherche entre la FFF - F\u00e9d\u00e9ration Fran\u00e7aise de Football et Music Care !\n<\/h4>\t\t\t\t<\/div>\n\t\t\t\t<div class=\"elementor-element elementor-element-ab80a59 nom elementor-invisible elementor-widget elementor-widget-text-editor\" data-id=\"ab80a59\" data-element_type=\"widget\" data-e-type=\"widget\" data-settings=\"{&quot;_animation&quot;:&quot;fadeIn&quot;}\" data-widget_type=\"text-editor.default\">\n\t\t\t\t\t\t\t\t\t<p>Des projets de recherche passionnants en perspective et des premiers r\u00e9sultats tr\u00e8s prometteurs montrant d\u00e9j\u00e0 une baisse significative de l\u2019anxi\u00e9t\u00e9 et des troubles du sommeil chez les entraineurs professionnels.<\/p>\t\t\t\t\t\t\t\t<\/div>\n\t\t\t\t<\/div>\n\t\t\t\t<\/div>\n\t\t\t\t<\/div>\n\t\t\t\t<\/div>\n\t\t\t\t\t<\/div>\n\t\t\t\t<\/div>\n\t\t\t\t<\/div>","protected":false},"excerpt":{"rendered":"<p>Qui nous sommes Music Care s&rsquo;appuie sur plus de 30 \u00e9tudes cliniques et 150 articles publi\u00e9s \u00e0 ce jour par plus de 20 \u00e9quipes de recherche universitaire. Pionnier du soulagement de la douleur par la musique. Depuis 1999, le Dr St\u00e9phane Gu\u00e9tin, docteur en psychologie clinique, et musicoth\u00e9rapeute, participe \u00e0 l&rsquo;\u00e9valuation du solution de la [&hellip;]<\/p>\n","protected":false},"author":1,"featured_media":0,"parent":0,"menu_order":0,"comment_status":"closed","ping_status":"closed","template":"","meta":{"_acf_changed":false,"footnotes":""},"class_list":["post-436","page","type-page","status-publish","hentry"],"acf":[],"_links":{"self":[{"href":"https:\/\/music.care\/en\/wp-json\/wp\/v2\/pages\/436","targetHints":{"allow":["GET"]}}],"collection":[{"href":"https:\/\/music.care\/en\/wp-json\/wp\/v2\/pages"}],"about":[{"href":"https:\/\/music.care\/en\/wp-json\/wp\/v2\/types\/page"}],"author":[{"embeddable":true,"href":"https:\/\/music.care\/en\/wp-json\/wp\/v2\/users\/1"}],"replies":[{"embeddable":true,"href":"https:\/\/music.care\/en\/wp-json\/wp\/v2\/comments?post=436"}],"version-history":[{"count":95,"href":"https:\/\/music.care\/en\/wp-json\/wp\/v2\/pages\/436\/revisions"}],"predecessor-version":[{"id":3040,"href":"https:\/\/music.care\/en\/wp-json\/wp\/v2\/pages\/436\/revisions\/3040"}],"wp:attachment":[{"href":"https:\/\/music.care\/en\/wp-json\/wp\/v2\/media?parent=436"}],"curies":[{"name":"wp","href":"https:\/\/api.w.org\/{rel}","templated":true}]}}