{"id":1690,"date":"2026-03-17T10:06:59","date_gmt":"2026-03-17T10:06:59","guid":{"rendered":"https:\/\/music.care\/?page_id=1690"},"modified":"2026-03-24T06:32:41","modified_gmt":"2026-03-24T06:32:41","slug":"cookies","status":"publish","type":"page","link":"https:\/\/music.care\/en\/cookies\/","title":{"rendered":"Politique de traitement des cookies"},"content":{"rendered":"<div data-elementor-type=\"wp-page\" data-elementor-id=\"1690\" class=\"elementor elementor-1690\" data-elementor-post-type=\"page\">\n\t\t\t\t<div class=\"elementor-element elementor-element-5f113ed e-flex e-con-boxed e-con e-parent\" data-id=\"5f113ed\" data-element_type=\"container\" data-e-type=\"container\" data-settings=\"{&quot;background_background&quot;:&quot;classic&quot;}\">\n\t\t\t\t\t<div class=\"e-con-inner\">\n\t\t<div class=\"elementor-element elementor-element-63d6651 e-con-full e-flex e-con e-child\" data-id=\"63d6651\" data-element_type=\"container\" data-e-type=\"container\">\n\t\t\t\t<div class=\"elementor-element elementor-element-d69414a elementor-invisible elementor-widget elementor-widget-heading\" data-id=\"d69414a\" data-element_type=\"widget\" data-e-type=\"widget\" data-settings=\"{&quot;_animation&quot;:&quot;fadeIn&quot;}\" data-widget_type=\"heading.default\">\n\t\t\t\t\t<h1 class=\"elementor-heading-title elementor-size-default\">Politique de traitement\ndes cookies<\/h1>\t\t\t\t<\/div>\n\t\t\t\t<\/div>\n\t\t\t\t\t<\/div>\n\t\t\t\t<\/div>\n\t\t<div class=\"elementor-element elementor-element-dca5027 e-flex e-con-boxed e-con e-parent\" data-id=\"dca5027\" data-element_type=\"container\" data-e-type=\"container\">\n\t\t\t\t\t<div class=\"e-con-inner\">\n\t\t<div class=\"elementor-element elementor-element-1547ab7 e-con-full e-flex e-con e-child\" data-id=\"1547ab7\" data-element_type=\"container\" data-e-type=\"container\">\n\t\t\t\t<div class=\"elementor-element elementor-element-183909c nom elementor-invisible elementor-widget elementor-widget-text-editor\" data-id=\"183909c\" data-element_type=\"widget\" data-e-type=\"widget\" data-settings=\"{&quot;_animation&quot;:&quot;fadeIn&quot;}\" data-widget_type=\"text-editor.default\">\n\t\t\t\t\t\t\t\t\t<p>POLITIQUE DE TRAITEMENT DES COOKIES<\/p><p>La soci\u00e9t\u00e9 SARL MUSIC CARE immatricul\u00e9e au RCS de Paris sous le num\u00e9ro 505 386 425 ayant son si\u00e8ge social, 7 rue Popincourt \u2013 75011 Paris (France) (ci-apr\u00e8s \u00ab MUSIC CARE \u00bb) a pour activit\u00e9 d\u2019une part l\u2019\u00e9dition et la production musicale et d\u2019autre part la recherche, le d\u00e9veloppement et la commercialisation de solutions th\u00e9rapeutiques et de bien-\u00eatre alliant musique et neurosciences.<\/p><p>Dans ce contexte, MUSIC CARE est notamment cr\u00e9atrice et \u00e9ditrice d\u2019un service musical d\u2019\u00e9coute \u00e0 la demande compos\u00e9 d\u2019une s\u00e9lection d\u2019\u0153uvres musicales sp\u00e9cialement con\u00e7ues par MUSIC CARE selon les prescriptions techniques et scientifiques issues de ses recherches pour accompagner le traitement de diverses conditions physiques et\/ou neurologiques (telles que la douleur, l\u2019anxi\u00e9t\u00e9, le stress, la d\u00e9pression, les troubles du sommeil, l\u2019hyperactivit\u00e9), r\u00e9duire la consommation m\u00e9dicamenteuse et\/ou am\u00e9liorer le bien-\u00eatre. Ce service comprend \u00e9galement des outils innovants d\u2019analyse de donn\u00e9es permettant l\u2019auto-\u00e9valuation de son efficacit\u00e9, l\u2019am\u00e9lioration de son exp\u00e9rience et la recommandation personnalis\u00e9e de s\u00e9ances et\/ou programmes d\u2019\u00e9coute (ci-apr\u00e8s \u00ab la Solution MC \u00bb).<\/p><p>MUSIC CARE est \u00e9ditrice du site internet http:\/\/www.music-care.com (ci-apr\u00e8s le \u00ab Site \u00bb).<\/p><p>La Solution MC est propos\u00e9e sous forme d\u2019une application num\u00e9rique accessible via le Site (Webapp) et\/ou via une application mobile (ci-apr\u00e8s \u00ab l\u2019App \u00bb). Elle est commercialis\u00e9e aux particuliers sur recommandation m\u00e9dicale et\/ou aux professionnels de sant\u00e9, sous forme d\u2019abonnements de contenus et fonctionnalit\u00e9s variables et sous diff\u00e9rentes appellations, notamment \u00ab MUSIC CARE \u00bb ou \u00ab SOUND CARE \u00bb.<\/p><p>MUSIC CARE met \u00e0 la disposition de ses clients un Service Apr\u00e8s-Vente disponible par mail : contact@music-care.com ou par t\u00e9l\u00e9phone au +33 (0)9 52 03 03 34 de 9h \u00e0 12h30 et de 14 \u00e0 17h du lundi au vendredi. (ci-apr\u00e8s \u00ab le SAV \u00bb).<\/p><p>La Soci\u00e9t\u00e9 et ses partenaires utilisent des cookies depuis leur Site et\/ou App.<\/p><p>\uf0d8 Qu\u2019est-ce qu\u2019un cookie ?<\/p><p>Un cookie est une information d\u00e9pos\u00e9e sur votre terminal (ordinateur, tablette, smartphone etc), par les serveurs de notre Site ou App. Il contient plusieurs donn\u00e9es comme le nom du serveur qui l&rsquo;a d\u00e9pos\u00e9, un identifiant sous la forme de num\u00e9ro unique, \u00e9ventuellement une date d&rsquo;expiration.<\/p><p>\uf0d8 Le r\u00f4le des cookies sur notre Site\/App<\/p><p>1. Les cookies d\u00e9pos\u00e9s par nos outils :<\/p><p>Cookies n\u00e9cessaires : Ces cookies permettent aux fonctions de base de notre Site et services de fonctionner normalement, comme la navigation ou l\u2019acc\u00e8s aux espaces de services. Ils sont n\u00e9cessairement actifs et ne requi\u00e8rent pas votre consentement.\u00a0<a href=\"http:\/\/music.care\/en\/gestion-cookies.html\/\"><strong>Liste des cookies n\u00e9cessaires<\/strong><\/a><\/p><p><a href=\"http:\/\/music.care\/en\/gestion-cookies.html\/\">Cookies de fonctionnalit\u00e9 : Ces cookies permettent de m\u00e9moriser des informations sur vos usages de nos Site et services, comme par exemple votre langue pr\u00e9f\u00e9r\u00e9e ou la r\u00e9gion dans laquelle vous vous trouvez et ainsi am\u00e9liorer et personnaliser nos services. Si vous n&rsquo;acceptez pas ces cookies, une partie ou la totalit\u00e9 de ces fonctionnalit\u00e9s risquent de ne pas fonctionner correctement.\u00a0<\/a><a href=\"http:\/\/music.care\/en\/gestion-cookies.html\/\"><strong>Liste des cookies de fonctionnalit\u00e9<\/strong><\/a><\/p><p><a href=\"http:\/\/music.care\/en\/gestion-cookies.html\/\">Cookies de mesure d\u2019audience : Ces cookies permettent de d\u00e9terminer le flux de visites et les sources du trafic, afin de mesurer et d\u2019am\u00e9liorer les performances de notre site et services. Toutes les informations collect\u00e9es par ces cookies sont anonymis\u00e9es.\u00a0<\/a><a href=\"http:\/\/music.care\/en\/gestion-cookies.html\/\"><strong>Liste des cookies de mesure d\u2019audience<\/strong><\/a><\/p><p><a href=\"http:\/\/music.care\/en\/gestion-cookies.html\/\">Cookies des r\u00e9seaux sociaux et de partage : Ces cookies vous permettent de partager des pages et du contenu vers des r\u00e9seaux sociaux tiers.\u00a0<\/a><a href=\"http:\/\/music.care\/en\/gestion-cookies.html\/\"><strong>Liste des cookies r\u00e9seaux sociaux<\/strong><\/a><\/p><p><a href=\"http:\/\/music.care\/en\/gestion-cookies.html\/\">Chacun de ces r\u00e9seaux rel\u00e8ve de politiques de cookies propres dont nous ne sommes aucunement responsables. Nous vous invitons \u00e0 les consulter.<\/a><\/p><p><a href=\"http:\/\/music.care\/en\/gestion-cookies.html\/\">Cookies de publicit\u00e9 : Ces cookies sont utilis\u00e9s pour \u00e9tablir un profil de vos int\u00e9r\u00eats et vous proposer des publicit\u00e9s pertinentes.<\/a><\/p><p><a href=\"http:\/\/music.care\/en\/gestion-cookies.html\/\">Toutefois, si vous refusez ces cookies, les publicit\u00e9s seront toujours visibles mais elles ne tiendront plus compte de vos centres d\u2019int\u00e9r\u00eat.<\/a><\/p><p><a href=\"http:\/\/music.care\/en\/gestion-cookies.html\/\">2. Les cookies d\u00e9pos\u00e9s par des tiers via nos espaces publicitaires<\/a><\/p><p><a href=\"http:\/\/music.care\/en\/gestion-cookies.html\/\">Les contenus publicitaires sont susceptibles de contenir des cookies \u00e9mis par des tiers qui peuvent notamment \u00eatre l&rsquo;annonceur lui-m\u00eame ou une soci\u00e9t\u00e9 tierce \u00e0 l&rsquo;annonceur (agence conseil en communication, soci\u00e9t\u00e9 de mesure d&rsquo;audience, prestataire de publicit\u00e9 cibl\u00e9e, etc.), en charge de sa communication.<\/a><\/p><p><a href=\"http:\/\/music.care\/en\/gestion-cookies.html\/\">Les cookies \u00e9mis par ces tiers peuvent leur permettre, pendant la dur\u00e9e de validit\u00e9 de ces cookies :<\/a><\/p><p><a href=\"http:\/\/music.care\/en\/gestion-cookies.html\/\">&#8211; de comptabiliser le nombre d&rsquo;affichages des contenus publicitaires diffus\u00e9s via nos espaces publicitaires, d&rsquo;identifier les publicit\u00e9s ainsi affich\u00e9es, le nombre d&rsquo;utilisateurs ayant cliqu\u00e9 sur chaque publicit\u00e9, leur permettant de calculer les sommes dues de ce fait et d&rsquo;\u00e9tablir des statistiques,<\/a><\/p><p><a href=\"http:\/\/music.care\/en\/gestion-cookies.html\/\">&#8211; de reconna\u00eetre votre terminal lors de sa navigation ult\u00e9rieure sur tout autre site ou service sur lequel ces annonceurs ou ces tiers \u00e9mettent \u00e9galement des cookies et, le cas \u00e9ch\u00e9ant, d&rsquo;adapter ces sites et services tiers ou les publicit\u00e9s qu&rsquo;ils diffusent, \u00e0 la navigation de votre terminal dont ils peuvent avoir connaissance.<\/a><\/p><p><a href=\"http:\/\/music.care\/en\/gestion-cookies.html\/\">\uf0d8 Votre consentement avant toute implantation de cookie (hors n\u00e9cessaires)<\/a><\/p><p><a href=\"http:\/\/music.care\/en\/gestion-cookies.html\/\">A l\u2019exception des cookies n\u00e9cessaires, le d\u00e9p\u00f4t de cookies sur votre terminal est subordonn\u00e9 \u00e0 votre consentement que vous pouvez \u00e0 tout moment modifier, cat\u00e9gorie par cat\u00e9gorie en\u00a0<\/a><a href=\"http:\/\/music.care\/en\/gestion-cookies.html\/\"><strong>cliquant ici<\/strong><\/a>.<\/p><p>Nous vous informons que le refus ou le param\u00e9trage des cookies est susceptible d\u2019alt\u00e9rer votre navigation sur notre site ainsi que vos conditions d\u2019acc\u00e8s \u00e0 certains de nos services.<\/p><p>\uf0d8 Param\u00e9trage par d\u00e9faut de votre navigateur Internet<\/p><p>Chaque navigateur Internet permet \u00e9galement de param\u00e9trer vos choix en mati\u00e8re de cookies.<\/p><p>Nous vous invitons \u00e0 consulter le menu d&rsquo;aide de votre navigateur \u00e0 cette fin.<\/p><p>Voici quelques liens directs concernant les navigateurs les plus utilis\u00e9s :<\/p><p>Pour Internet Explorer : https:\/\/support.microsoft.com\/fr-fr\/help\/17442\/windows-internet-explorer-delete-manage-cookies<\/p><p>Pour Safari : https:\/\/support.apple.com\/fr-fr\/HT201265<\/p><p>Pour Chrome: https:\/\/support.google.com\/chrome\/answer\/95647?hl=fr&amp;hlrm=en<\/p><p>Pour Firefox : https:\/\/support.mozilla.org\/fr\/kb\/activer-desactiver-cookies-preferences?redirectlocale=fr&amp;redirectslug=Activer+et+d%C3%A9sactiver+les+cookies<\/p><p>Pour Opera : https:\/\/help.opera.com\/en\/latest\/web-preferences\/#cookies<\/p><p>\uf0d8 La dur\u00e9e d\u2019utilisation des cookies<\/p><p>Les cookies sont conserv\u00e9s sur notre serveur pour une dur\u00e9e maximum de 13 mois. A expiration de cette p\u00e9riode et si nous avons encore besoin de ces cookies, votre consentement sera \u00e0 nouveau requis.<\/p><p>\uf0d8 Pour plus d\u2019information concernant les cookies<\/p><p>Pour obtenir plus d\u2019informations concernant les cookies, vous pouvez consulter le site www.cnil.fr<\/p><p>Par ailleurs, le site Internet youronlinechoices.com, propos\u00e9 par les professionnels de la publicit\u00e9 digitale regroup\u00e9s au sein de l\u2019association europ\u00e9enne EDAA vous offrent la possibilit\u00e9 d\u2019accepter ou de refuser les cookies des nombreuses entreprises inscrites \u00e0 cette plateforme \u00e0 l\u2019adresse : http:\/\/www.youronlinechoices.com\/fr\/controler-ses-cookies\/<\/p>\t\t\t\t\t\t\t\t<\/div>\n\t\t\t\t<\/div>\n\t\t\t\t\t<\/div>\n\t\t\t\t<\/div>\n\t\t\t\t<\/div>","protected":false},"excerpt":{"rendered":"<p>Politique de traitement des cookies POLITIQUE DE TRAITEMENT DES COOKIES La soci\u00e9t\u00e9 SARL MUSIC CARE immatricul\u00e9e au RCS de Paris sous le num\u00e9ro 505 386 425 ayant son si\u00e8ge social, 7 rue Popincourt \u2013 75011 Paris (France) (ci-apr\u00e8s \u00ab MUSIC CARE \u00bb) a pour activit\u00e9 d\u2019une part l\u2019\u00e9dition et la production musicale et d\u2019autre part [&hellip;]<\/p>\n","protected":false},"author":1,"featured_media":0,"parent":0,"menu_order":0,"comment_status":"closed","ping_status":"closed","template":"","meta":{"_acf_changed":false,"footnotes":""},"class_list":["post-1690","page","type-page","status-publish","hentry"],"acf":[],"_links":{"self":[{"href":"https:\/\/music.care\/en\/wp-json\/wp\/v2\/pages\/1690","targetHints":{"allow":["GET"]}}],"collection":[{"href":"https:\/\/music.care\/en\/wp-json\/wp\/v2\/pages"}],"about":[{"href":"https:\/\/music.care\/en\/wp-json\/wp\/v2\/types\/page"}],"author":[{"embeddable":true,"href":"https:\/\/music.care\/en\/wp-json\/wp\/v2\/users\/1"}],"replies":[{"embeddable":true,"href":"https:\/\/music.care\/en\/wp-json\/wp\/v2\/comments?post=1690"}],"version-history":[{"count":14,"href":"https:\/\/music.care\/en\/wp-json\/wp\/v2\/pages\/1690\/revisions"}],"predecessor-version":[{"id":2815,"href":"https:\/\/music.care\/en\/wp-json\/wp\/v2\/pages\/1690\/revisions\/2815"}],"wp:attachment":[{"href":"https:\/\/music.care\/en\/wp-json\/wp\/v2\/media?parent=1690"}],"curies":[{"name":"wp","href":"https:\/\/api.w.org\/{rel}","templated":true}]}}